{"id":94,"date":"2014-08-13T16:21:05","date_gmt":"2014-08-13T14:21:05","guid":{"rendered":"http:\/\/laabadiadesieste.com\/?page_id=94"},"modified":"2026-03-07T11:34:54","modified_gmt":"2026-03-07T10:34:54","slug":"restaurante","status":"publish","type":"page","link":"https:\/\/laabadiadesieste.com\/web\/restaurante","title":{"rendered":"Recomendaciones"},"content":{"rendered":"\t\t<div data-elementor-type=\"wp-page\" data-elementor-id=\"94\" class=\"elementor elementor-94\">\n\t\t\t\t\t\t\t\t\t<section class=\"elementor-section elementor-top-section elementor-element elementor-element-5d80cc35 elementor-section-boxed elementor-section-height-default elementor-section-height-default\" data-id=\"5d80cc35\" data-element_type=\"section\">\n\t\t\t\t\t\t<div class=\"elementor-container elementor-column-gap-default\">\n\t\t\t\t\t<div class=\"elementor-column elementor-col-100 elementor-top-column elementor-element elementor-element-4e6c42ac\" data-id=\"4e6c42ac\" data-element_type=\"column\">\n\t\t\t<div class=\"elementor-widget-wrap elementor-element-populated\">\n\t\t\t\t\t\t\t\t<div class=\"elementor-element elementor-element-19de2e82 elementor-widget elementor-widget-text-editor\" data-id=\"19de2e82\" data-element_type=\"widget\" data-widget_type=\"text-editor.default\">\n\t\t\t\t<div class=\"elementor-widget-container\">\n\t\t\t\t\t\t\t<h4 style=\"text-align: center;\">Nos apena mucho comunicar a nuestros hu\u00e9spedes que el restaurante del hotel este a\u00f1o no estar\u00e1 abierto, a\u00fan asi queremos que disfuten de la rica gastronomia de la zona, por eso hemos seleccionado los restaurantes que consideramos que podrian ser de su agrado.<\/h4>\t\t\t\t\t\t<\/div>\n\t\t\t\t<\/div>\n\t\t\t\t\t<\/div>\n\t\t<\/div>\n\t\t\t\t\t\t\t<\/div>\n\t\t<\/section>\n\t\t\t\t<section class=\"elementor-section elementor-top-section elementor-element elementor-element-b2fb44e elementor-section-boxed elementor-section-height-default elementor-section-height-default\" data-id=\"b2fb44e\" data-element_type=\"section\">\n\t\t\t\t\t\t<div class=\"elementor-container elementor-column-gap-default\">\n\t\t\t\t\t<div class=\"elementor-column elementor-col-50 elementor-top-column elementor-element elementor-element-2d1bba4\" data-id=\"2d1bba4\" data-element_type=\"column\">\n\t\t\t<div class=\"elementor-widget-wrap elementor-element-populated\">\n\t\t\t\t\t\t\t\t<div class=\"elementor-element elementor-element-6729f8b elementor-widget elementor-widget-image\" data-id=\"6729f8b\" data-element_type=\"widget\" data-widget_type=\"image.default\">\n\t\t\t\t<div class=\"elementor-widget-container\">\n\t\t\t\t\t\t\t\t\t\t\t\t\t\t\t<img decoding=\"async\" width=\"389\" height=\"124\" src=\"https:\/\/laabadiadesieste.com\/web\/wp-content\/uploads\/2025\/03\/Captura-de-pantalla-2025-03-21-224511.png\" class=\"attachment-large size-large wp-image-2866\" alt=\"\" loading=\"lazy\" srcset=\"https:\/\/laabadiadesieste.com\/web\/wp-content\/uploads\/2025\/03\/Captura-de-pantalla-2025-03-21-224511.png 389w, https:\/\/laabadiadesieste.com\/web\/wp-content\/uploads\/2025\/03\/Captura-de-pantalla-2025-03-21-224511-300x96.png 300w\" sizes=\"(max-width: 389px) 100vw, 389px\" \/>\t\t\t\t\t\t\t\t\t\t\t\t\t\t\t<\/div>\n\t\t\t\t<\/div>\n\t\t\t\t\t<\/div>\n\t\t<\/div>\n\t\t\t\t<div class=\"elementor-column elementor-col-50 elementor-top-column elementor-element elementor-element-cb47f09\" data-id=\"cb47f09\" data-element_type=\"column\">\n\t\t\t<div class=\"elementor-widget-wrap elementor-element-populated\">\n\t\t\t\t\t\t\t\t<div class=\"elementor-element elementor-element-4f07d85 elementor-widget elementor-widget-text-editor\" data-id=\"4f07d85\" data-element_type=\"widget\" data-widget_type=\"text-editor.default\">\n\t\t\t\t<div class=\"elementor-widget-container\">\n\t\t\t\t\t\t\t<h5><strong>PARA DISFRUTAR DE PIZZAS AL HORNO DE LE\u00d1A Y MUCHO MAS!!<\/strong><\/h5><p><a href=\"https:\/\/drive.google.com\/file\/d\/13e6q9go-hBydy1Snrvqtw0zSaFTBZnms\/view\" target=\"_blank\" rel=\"noopener\">VER MEN\u00da<\/a><\/p><p><a href=\"https:\/\/www.google.es\/maps\/place\/Pizzer%C3%ADa+Hotel+Bolta%C3%B1a\/@42.4423644,0.0679685,612m\/data=!3m2!1e3!4b1!4m6!3m5!1s0x12a7f942add5e5c3:0x35e912137748ce2a!8m2!3d42.4423605!4d0.0705434!16s%2Fg%2F11rsdztwjr?hl=es&amp;entry=ttu&amp;g_ep=EgoyMDI1MDMxOS4xIKXMDSoASAFQAw%3D%3D\" target=\"_blank\" rel=\"noopener\">COMO LLEGAR<\/a><\/p>\t\t\t\t\t\t<\/div>\n\t\t\t\t<\/div>\n\t\t\t\t\t<\/div>\n\t\t<\/div>\n\t\t\t\t\t\t\t<\/div>\n\t\t<\/section>\n\t\t\t\t<section class=\"elementor-section elementor-top-section elementor-element elementor-element-bf01698 elementor-section-boxed elementor-section-height-default elementor-section-height-default\" data-id=\"bf01698\" data-element_type=\"section\">\n\t\t\t\t\t\t<div class=\"elementor-container elementor-column-gap-default\">\n\t\t\t\t\t<div class=\"elementor-column elementor-col-50 elementor-top-column elementor-element elementor-element-e980d11\" data-id=\"e980d11\" data-element_type=\"column\">\n\t\t\t<div class=\"elementor-widget-wrap elementor-element-populated\">\n\t\t\t\t\t\t\t\t<div class=\"elementor-element elementor-element-ce6b7da elementor-widget elementor-widget-image\" data-id=\"ce6b7da\" data-element_type=\"widget\" data-widget_type=\"image.default\">\n\t\t\t\t<div class=\"elementor-widget-container\">\n\t\t\t\t\t\t\t\t\t\t\t\t\t\t\t<img decoding=\"async\" width=\"292\" height=\"115\" src=\"https:\/\/laabadiadesieste.com\/web\/wp-content\/uploads\/2025\/04\/Captura-de-pantalla-2025-04-17-134836.png\" class=\"attachment-large size-large wp-image-2886\" alt=\"\" loading=\"lazy\" \/>\t\t\t\t\t\t\t\t\t\t\t\t\t\t\t<\/div>\n\t\t\t\t<\/div>\n\t\t\t\t\t<\/div>\n\t\t<\/div>\n\t\t\t\t<div class=\"elementor-column elementor-col-50 elementor-top-column elementor-element elementor-element-9abc3ea\" data-id=\"9abc3ea\" data-element_type=\"column\">\n\t\t\t<div class=\"elementor-widget-wrap elementor-element-populated\">\n\t\t\t\t\t\t\t\t<div class=\"elementor-element elementor-element-5a10d7a elementor-widget elementor-widget-text-editor\" data-id=\"5a10d7a\" data-element_type=\"widget\" data-widget_type=\"text-editor.default\">\n\t\t\t\t<div class=\"elementor-widget-container\">\n\t\t\t\t\t\t\t<p style=\"text-align: center;\"><span style=\"color: #000000;\"><strong>DELICIOSA CARNE ASADA ADEMAS DE OTROS PLATOS IGUAL DE RICOS<\/strong><\/span><\/p><p style=\"text-align: center;\"><a href=\"https:\/\/ponaragonentumesa.com\/directorio\/sector\/restaurantes\/asador-zabrin\/\">VER MEN\u00da<\/a><\/p><p style=\"text-align: center;\"><a href=\"https:\/\/www.google.es\/maps\/dir\/\/Av.+de+Ordesa,+84,+22340+Bolta%C3%B1a,+Huesca\/@42.4380995,-0.0057124,19581m\/data=!3m1!1e3!4m8!4m7!1m0!1m5!1m1!1s0x12a7fbd679234d1d:0x8af6c132c97ccfc9!2m2!1d0.0766841!2d42.4381252?entry=ttu&amp;g_ep=EgoyMDI1MDQxNC4xIKXMDSoASAFQAw%3D%3D\">COMO LLEGAR<\/a><\/p>\t\t\t\t\t\t<\/div>\n\t\t\t\t<\/div>\n\t\t\t\t\t<\/div>\n\t\t<\/div>\n\t\t\t\t\t\t\t<\/div>\n\t\t<\/section>\n\t\t\t\t<section class=\"elementor-section elementor-top-section elementor-element elementor-element-55d6659 elementor-section-boxed elementor-section-height-default elementor-section-height-default\" data-id=\"55d6659\" data-element_type=\"section\">\n\t\t\t\t\t\t<div class=\"elementor-container elementor-column-gap-default\">\n\t\t\t\t\t<div class=\"elementor-column elementor-col-50 elementor-top-column elementor-element elementor-element-c38fbb6\" data-id=\"c38fbb6\" data-element_type=\"column\">\n\t\t\t<div class=\"elementor-widget-wrap elementor-element-populated\">\n\t\t\t\t\t\t\t\t<div class=\"elementor-element elementor-element-a8f5705 elementor-widget elementor-widget-image\" data-id=\"a8f5705\" data-element_type=\"widget\" data-widget_type=\"image.default\">\n\t\t\t\t<div class=\"elementor-widget-container\">\n\t\t\t\t\t\t\t\t\t\t\t\t\t\t\t<img decoding=\"async\" width=\"544\" height=\"109\" src=\"https:\/\/laabadiadesieste.com\/web\/wp-content\/uploads\/2025\/04\/Captura-de-pantalla-2025-04-17-140022.png\" class=\"attachment-large size-large wp-image-2894\" alt=\"\" loading=\"lazy\" srcset=\"https:\/\/laabadiadesieste.com\/web\/wp-content\/uploads\/2025\/04\/Captura-de-pantalla-2025-04-17-140022.png 544w, https:\/\/laabadiadesieste.com\/web\/wp-content\/uploads\/2025\/04\/Captura-de-pantalla-2025-04-17-140022-300x60.png 300w\" sizes=\"(max-width: 544px) 100vw, 544px\" \/>\t\t\t\t\t\t\t\t\t\t\t\t\t\t\t<\/div>\n\t\t\t\t<\/div>\n\t\t\t\t\t<\/div>\n\t\t<\/div>\n\t\t\t\t<div class=\"elementor-column elementor-col-50 elementor-top-column elementor-element elementor-element-df334f6\" data-id=\"df334f6\" data-element_type=\"column\">\n\t\t\t<div class=\"elementor-widget-wrap elementor-element-populated\">\n\t\t\t\t\t\t\t\t<div class=\"elementor-element elementor-element-ca61d86 elementor-widget elementor-widget-text-editor\" data-id=\"ca61d86\" data-element_type=\"widget\" data-widget_type=\"text-editor.default\">\n\t\t\t\t<div class=\"elementor-widget-container\">\n\t\t\t\t\t\t\t<p style=\"text-align: center;\"><span style=\"color: #000000;\"><strong>PLATOS ELABORADOS CON MIMO<\/strong><\/span><\/p><p style=\"text-align: center;\"><span style=\"color: #000000;\"><a href=\"https:\/\/www.restaurantecasacoronel.com\/\">WEB DEL RESTAURANTE<\/a><\/span><\/p><p style=\"text-align: center;\"><a href=\"https:\/\/www.google.es\/maps\/dir\/\/Pl.+Eras+Coronel,+s%2Fn,+22340+Bolta%C3%B1a,+Huesca\/@42.4456988,-0.0156135,19579m\/data=!3m1!1e3!4m8!4m7!1m0!1m5!1m1!1s0x12a7f965a5d76b21:0xfa963f2a5b48430b!2m2!1d0.0666866!2d42.4457633?entry=ttu&amp;g_ep=EgoyMDI1MDQxNC4xIKXMDSoASAFQAw%3D%3D\">COMO LLEGAR<\/a><\/p><p style=\"text-align: center;\"><span style=\"color: #000000;\"><strong>\u00a0<\/strong><\/span><\/p>\t\t\t\t\t\t<\/div>\n\t\t\t\t<\/div>\n\t\t\t\t\t<\/div>\n\t\t<\/div>\n\t\t\t\t\t\t\t<\/div>\n\t\t<\/section>\n\t\t\t\t<section class=\"elementor-section elementor-top-section elementor-element elementor-element-e104d96 elementor-section-boxed elementor-section-height-default elementor-section-height-default\" data-id=\"e104d96\" data-element_type=\"section\">\n\t\t\t\t\t\t<div class=\"elementor-container elementor-column-gap-default\">\n\t\t\t\t\t<div class=\"elementor-column elementor-col-50 elementor-top-column elementor-element elementor-element-5938dd4\" data-id=\"5938dd4\" data-element_type=\"column\">\n\t\t\t<div class=\"elementor-widget-wrap elementor-element-populated\">\n\t\t\t\t\t\t\t\t<div class=\"elementor-element elementor-element-e8aa153 elementor-widget elementor-widget-image\" data-id=\"e8aa153\" data-element_type=\"widget\" data-widget_type=\"image.default\">\n\t\t\t\t<div class=\"elementor-widget-container\">\n\t\t\t\t\t\t\t\t\t\t\t\t\t\t\t<img decoding=\"async\" width=\"522\" height=\"155\" src=\"https:\/\/laabadiadesieste.com\/web\/wp-content\/uploads\/2025\/06\/Captura-de-pantalla-2025-06-16-172056.png\" class=\"attachment-large size-large wp-image-2909\" alt=\"\" loading=\"lazy\" srcset=\"https:\/\/laabadiadesieste.com\/web\/wp-content\/uploads\/2025\/06\/Captura-de-pantalla-2025-06-16-172056.png 522w, https:\/\/laabadiadesieste.com\/web\/wp-content\/uploads\/2025\/06\/Captura-de-pantalla-2025-06-16-172056-300x89.png 300w\" sizes=\"(max-width: 522px) 100vw, 522px\" \/>\t\t\t\t\t\t\t\t\t\t\t\t\t\t\t<\/div>\n\t\t\t\t<\/div>\n\t\t\t\t\t<\/div>\n\t\t<\/div>\n\t\t\t\t<div class=\"elementor-column elementor-col-50 elementor-top-column elementor-element elementor-element-220e5fe\" data-id=\"220e5fe\" data-element_type=\"column\">\n\t\t\t<div class=\"elementor-widget-wrap elementor-element-populated\">\n\t\t\t\t\t\t\t\t<div class=\"elementor-element elementor-element-c827fbd elementor-widget elementor-widget-text-editor\" data-id=\"c827fbd\" data-element_type=\"widget\" data-widget_type=\"text-editor.default\">\n\t\t\t\t<div class=\"elementor-widget-container\">\n\t\t\t\t\t\t\t<p style=\"text-align: center;\"><strong><span style=\"color: #000000;\">AMBIENTE DESENFADADO PARA DISFRUTAR AL AIRE LIBRE DE PLATOS DELICIOSOS<\/span><\/strong><\/p><p style=\"text-align: center;\"><a href=\"https:\/\/www.google.com\/maps\/dir\/Hotel+L'Abad%C3%ADa+de+Sieste,+Hotel+Rural+en+Bolta%C3%B1a,+Plaza+%C3%9Anica,+22349+Sieste,+Huesca\/Plaza+%C3%9Anica,+0,+22349+Margudgued,+Huesca\/@42.4320999,0.0718722,16z\/data=!3m1!4b1!4m13!4m12!1m5!1m1!1s0x12a7f982d9a44841:0xfa4aa3ad83a73ecf!2m2!1d0.0700213!2d42.4297819!1m5!1m1!1s0x12a7fa102eb3e8c5:0x4815a9f259af78fc!2m2!1d0.0840228!2d42.4324947?entry=ttu&amp;g_ep=EgoyMDI1MDYxMS4wIKXMDSoASAFQAw%3D%3D\">COMO LLEGAR<\/a><\/p>\t\t\t\t\t\t<\/div>\n\t\t\t\t<\/div>\n\t\t\t\t\t<\/div>\n\t\t<\/div>\n\t\t\t\t\t\t\t<\/div>\n\t\t<\/section>\n\t\t\t\t\t\t\t<\/div>\n\t\t","protected":false},"excerpt":{"rendered":"<p>Nos apena mucho comunicar a nuestros hu\u00e9spedes que el restaurante del hotel este a\u00f1o no estar\u00e1 abierto, a\u00fan asi queremos que disfuten de la rica gastronomia de la zona, por eso hemos seleccionado los restaurantes que consideramos que podrian ser de su agrado. PARA DISFRUTAR DE PIZZAS AL HORNO DE LE\u00d1A Y MUCHO MAS!! VER&hellip; <br \/> <a class=\"read-more\" href=\"https:\/\/laabadiadesieste.com\/web\/restaurante\">Leer m\u00e1s<\/a><\/p>\n","protected":false},"author":1,"featured_media":386,"parent":0,"menu_order":0,"comment_status":"closed","ping_status":"closed","template":"","meta":[],"yoast_head":"<!-- This site is optimized with the Yoast SEO plugin v20.9 - https:\/\/yoast.com\/wordpress\/plugins\/seo\/ -->\n<title>Recomendaciones - Hotel L&#039; Abad\u00eda de Sieste<\/title>\n<meta name=\"robots\" content=\"index, follow, max-snippet:-1, max-image-preview:large, max-video-preview:-1\" \/>\n<link rel=\"canonical\" href=\"https:\/\/laabadiadesieste.com\/web\/restaurante\" \/>\n<meta property=\"og:locale\" content=\"es_ES\" \/>\n<meta property=\"og:type\" content=\"article\" \/>\n<meta property=\"og:title\" content=\"Recomendaciones - Hotel L&#039; Abad\u00eda de Sieste\" \/>\n<meta property=\"og:description\" content=\"Nos apena mucho comunicar a nuestros hu\u00e9spedes que el restaurante del hotel este a\u00f1o no estar\u00e1 abierto, a\u00fan asi queremos que disfuten de la rica gastronomia de la zona, por eso hemos seleccionado los restaurantes que consideramos que podrian ser de su agrado. PARA DISFRUTAR DE PIZZAS AL HORNO DE LE\u00d1A Y MUCHO MAS!! VER&hellip; Leer m\u00e1s\" \/>\n<meta property=\"og:url\" content=\"https:\/\/laabadiadesieste.com\/web\/restaurante\" \/>\n<meta property=\"og:site_name\" content=\"Hotel L&#039; Abad\u00eda de Sieste\" \/>\n<meta property=\"article:publisher\" content=\"https:\/\/www.facebook.com\/profile.php?id=100051533394563\" \/>\n<meta property=\"article:modified_time\" content=\"2026-03-07T10:34:54+00:00\" \/>\n<meta property=\"og:image\" content=\"https:\/\/laabadiadesieste.com\/web\/wp-content\/uploads\/2021\/06\/20210606_101152_HDR.jpg\" \/>\n\t<meta property=\"og:image:width\" content=\"1885\" \/>\n\t<meta property=\"og:image:height\" content=\"1060\" \/>\n\t<meta property=\"og:image:type\" content=\"image\/jpeg\" \/>\n<meta name=\"twitter:card\" content=\"summary_large_image\" \/>\n<meta name=\"twitter:label1\" content=\"Tiempo de lectura\" \/>\n\t<meta name=\"twitter:data1\" content=\"2 minutos\" \/>\n<script type=\"application\/ld+json\" class=\"yoast-schema-graph\">{\"@context\":\"https:\/\/schema.org\",\"@graph\":[{\"@type\":\"WebPage\",\"@id\":\"https:\/\/laabadiadesieste.com\/web\/restaurante\",\"url\":\"https:\/\/laabadiadesieste.com\/web\/restaurante\",\"name\":\"Recomendaciones - Hotel L&#039; Abad\u00eda de Sieste\",\"isPartOf\":{\"@id\":\"https:\/\/laabadiadesieste.com\/web\/#website\"},\"datePublished\":\"2014-08-13T14:21:05+00:00\",\"dateModified\":\"2026-03-07T10:34:54+00:00\",\"breadcrumb\":{\"@id\":\"https:\/\/laabadiadesieste.com\/web\/restaurante#breadcrumb\"},\"inLanguage\":\"es\",\"potentialAction\":[{\"@type\":\"ReadAction\",\"target\":[\"https:\/\/laabadiadesieste.com\/web\/restaurante\"]}]},{\"@type\":\"BreadcrumbList\",\"@id\":\"https:\/\/laabadiadesieste.com\/web\/restaurante#breadcrumb\",\"itemListElement\":[{\"@type\":\"ListItem\",\"position\":1,\"name\":\"Home\",\"item\":\"https:\/\/laabadiadesieste.com\/web\/\"},{\"@type\":\"ListItem\",\"position\":2,\"name\":\"Recomendaciones\"}]},{\"@type\":\"WebSite\",\"@id\":\"https:\/\/laabadiadesieste.com\/web\/#website\",\"url\":\"https:\/\/laabadiadesieste.com\/web\/\",\"name\":\"Hotel La Abadia de Sieste\",\"description\":\"Hotel Rural en Bolta\u00f1a\",\"publisher\":{\"@id\":\"https:\/\/laabadiadesieste.com\/web\/#organization\"},\"potentialAction\":[{\"@type\":\"SearchAction\",\"target\":{\"@type\":\"EntryPoint\",\"urlTemplate\":\"https:\/\/laabadiadesieste.com\/web\/?s={search_term_string}\"},\"query-input\":\"required name=search_term_string\"}],\"inLanguage\":\"es\"},{\"@type\":\"Organization\",\"@id\":\"https:\/\/laabadiadesieste.com\/web\/#organization\",\"name\":\"L' Abad\u00eda de Sieste\",\"url\":\"https:\/\/laabadiadesieste.com\/web\/\",\"logo\":{\"@type\":\"ImageObject\",\"inLanguage\":\"es\",\"@id\":\"https:\/\/laabadiadesieste.com\/web\/#\/schema\/logo\/image\/\",\"url\":\"https:\/\/laabadiadesieste.com\/web\/wp-content\/uploads\/2014\/07\/cropped-logo.png\",\"contentUrl\":\"https:\/\/laabadiadesieste.com\/web\/wp-content\/uploads\/2014\/07\/cropped-logo.png\",\"width\":512,\"height\":512,\"caption\":\"L' Abad\u00eda de Sieste\"},\"image\":{\"@id\":\"https:\/\/laabadiadesieste.com\/web\/#\/schema\/logo\/image\/\"},\"sameAs\":[\"https:\/\/www.facebook.com\/profile.php?id=100051533394563\",\"https:\/\/www.instagram.com\/laabadiadesieste\/\"]}]}<\/script>\n<!-- \/ Yoast SEO plugin. -->","yoast_head_json":{"title":"Recomendaciones - Hotel L&#039; Abad\u00eda de Sieste","robots":{"index":"index","follow":"follow","max-snippet":"max-snippet:-1","max-image-preview":"max-image-preview:large","max-video-preview":"max-video-preview:-1"},"canonical":"https:\/\/laabadiadesieste.com\/web\/restaurante","og_locale":"es_ES","og_type":"article","og_title":"Recomendaciones - Hotel L&#039; Abad\u00eda de Sieste","og_description":"Nos apena mucho comunicar a nuestros hu\u00e9spedes que el restaurante del hotel este a\u00f1o no estar\u00e1 abierto, a\u00fan asi queremos que disfuten de la rica gastronomia de la zona, por eso hemos seleccionado los restaurantes que consideramos que podrian ser de su agrado. PARA DISFRUTAR DE PIZZAS AL HORNO DE LE\u00d1A Y MUCHO MAS!! VER&hellip; Leer m\u00e1s","og_url":"https:\/\/laabadiadesieste.com\/web\/restaurante","og_site_name":"Hotel L&#039; Abad\u00eda de Sieste","article_publisher":"https:\/\/www.facebook.com\/profile.php?id=100051533394563","article_modified_time":"2026-03-07T10:34:54+00:00","og_image":[{"width":1885,"height":1060,"url":"https:\/\/laabadiadesieste.com\/web\/wp-content\/uploads\/2021\/06\/20210606_101152_HDR.jpg","type":"image\/jpeg"}],"twitter_card":"summary_large_image","twitter_misc":{"Tiempo de lectura":"2 minutos"},"schema":{"@context":"https:\/\/schema.org","@graph":[{"@type":"WebPage","@id":"https:\/\/laabadiadesieste.com\/web\/restaurante","url":"https:\/\/laabadiadesieste.com\/web\/restaurante","name":"Recomendaciones - Hotel L&#039; Abad\u00eda de Sieste","isPartOf":{"@id":"https:\/\/laabadiadesieste.com\/web\/#website"},"datePublished":"2014-08-13T14:21:05+00:00","dateModified":"2026-03-07T10:34:54+00:00","breadcrumb":{"@id":"https:\/\/laabadiadesieste.com\/web\/restaurante#breadcrumb"},"inLanguage":"es","potentialAction":[{"@type":"ReadAction","target":["https:\/\/laabadiadesieste.com\/web\/restaurante"]}]},{"@type":"BreadcrumbList","@id":"https:\/\/laabadiadesieste.com\/web\/restaurante#breadcrumb","itemListElement":[{"@type":"ListItem","position":1,"name":"Home","item":"https:\/\/laabadiadesieste.com\/web\/"},{"@type":"ListItem","position":2,"name":"Recomendaciones"}]},{"@type":"WebSite","@id":"https:\/\/laabadiadesieste.com\/web\/#website","url":"https:\/\/laabadiadesieste.com\/web\/","name":"Hotel La Abadia de Sieste","description":"Hotel Rural en Bolta\u00f1a","publisher":{"@id":"https:\/\/laabadiadesieste.com\/web\/#organization"},"potentialAction":[{"@type":"SearchAction","target":{"@type":"EntryPoint","urlTemplate":"https:\/\/laabadiadesieste.com\/web\/?s={search_term_string}"},"query-input":"required name=search_term_string"}],"inLanguage":"es"},{"@type":"Organization","@id":"https:\/\/laabadiadesieste.com\/web\/#organization","name":"L' Abad\u00eda de Sieste","url":"https:\/\/laabadiadesieste.com\/web\/","logo":{"@type":"ImageObject","inLanguage":"es","@id":"https:\/\/laabadiadesieste.com\/web\/#\/schema\/logo\/image\/","url":"https:\/\/laabadiadesieste.com\/web\/wp-content\/uploads\/2014\/07\/cropped-logo.png","contentUrl":"https:\/\/laabadiadesieste.com\/web\/wp-content\/uploads\/2014\/07\/cropped-logo.png","width":512,"height":512,"caption":"L' Abad\u00eda de Sieste"},"image":{"@id":"https:\/\/laabadiadesieste.com\/web\/#\/schema\/logo\/image\/"},"sameAs":["https:\/\/www.facebook.com\/profile.php?id=100051533394563","https:\/\/www.instagram.com\/laabadiadesieste\/"]}]}},"_links":{"self":[{"href":"https:\/\/laabadiadesieste.com\/web\/wp-json\/wp\/v2\/pages\/94"}],"collection":[{"href":"https:\/\/laabadiadesieste.com\/web\/wp-json\/wp\/v2\/pages"}],"about":[{"href":"https:\/\/laabadiadesieste.com\/web\/wp-json\/wp\/v2\/types\/page"}],"author":[{"embeddable":true,"href":"https:\/\/laabadiadesieste.com\/web\/wp-json\/wp\/v2\/users\/1"}],"replies":[{"embeddable":true,"href":"https:\/\/laabadiadesieste.com\/web\/wp-json\/wp\/v2\/comments?post=94"}],"version-history":[{"count":81,"href":"https:\/\/laabadiadesieste.com\/web\/wp-json\/wp\/v2\/pages\/94\/revisions"}],"predecessor-version":[{"id":2927,"href":"https:\/\/laabadiadesieste.com\/web\/wp-json\/wp\/v2\/pages\/94\/revisions\/2927"}],"wp:featuredmedia":[{"embeddable":true,"href":"https:\/\/laabadiadesieste.com\/web\/wp-json\/wp\/v2\/media\/386"}],"wp:attachment":[{"href":"https:\/\/laabadiadesieste.com\/web\/wp-json\/wp\/v2\/media?parent=94"}],"curies":[{"name":"wp","href":"https:\/\/api.w.org\/{rel}","templated":true}]}}