{"id":2,"date":"2014-06-20T16:24:18","date_gmt":"2014-06-20T16:24:18","guid":{"rendered":"http:\/\/laabadiadesieste.com\/?page_id=2"},"modified":"2022-06-25T19:14:07","modified_gmt":"2022-06-25T17:14:07","slug":"entorno","status":"publish","type":"page","link":"https:\/\/laabadiadesieste.com\/web\/entorno","title":{"rendered":"El entorno"},"content":{"rendered":"\t\t<div data-elementor-type=\"wp-page\" data-elementor-id=\"2\" class=\"elementor elementor-2\">\n\t\t\t\t\t\t\t\t\t<section class=\"elementor-section elementor-top-section elementor-element elementor-element-644aeb0f elementor-section-boxed elementor-section-height-default elementor-section-height-default\" data-id=\"644aeb0f\" data-element_type=\"section\">\n\t\t\t\t\t\t<div class=\"elementor-container elementor-column-gap-default\">\n\t\t\t\t\t<div class=\"elementor-column elementor-col-100 elementor-top-column elementor-element elementor-element-550ecf05\" data-id=\"550ecf05\" data-element_type=\"column\">\n\t\t\t<div class=\"elementor-widget-wrap elementor-element-populated\">\n\t\t\t\t\t\t\t\t<div class=\"elementor-element elementor-element-d158ad5 elementor-widget elementor-widget-heading\" data-id=\"d158ad5\" data-element_type=\"widget\" data-widget_type=\"heading.default\">\n\t\t\t\t<div class=\"elementor-widget-container\">\n\t\t\t<h2 class=\"elementor-heading-title elementor-size-default\">Monta\u00f1as y mucho m\u00e1s...<\/h2>\t\t<\/div>\n\t\t\t\t<\/div>\n\t\t\t\t<div class=\"elementor-element elementor-element-28877516 elementor-widget elementor-widget-text-editor\" data-id=\"28877516\" data-element_type=\"widget\" data-widget_type=\"text-editor.default\">\n\t\t\t\t<div class=\"elementor-widget-container\">\n\t\t\t\t\t\t\t<p style=\"text-align: center;\">El Sobrarbe, nuestra comarca, re\u00fane un patrimonio natural y cultural excepcional.<\/p><p style=\"text-align: center;\">Rodeado de majestuosas y bellas monta\u00f1as, tiene en su haber el Parque Nacional de Ordesa y Monte Perdido, La Sierra de los Ca\u00f1ones de Guara y el Parque Natural de Posets-Maladeta.<\/p><p style=\"text-align: center;\">Sieste pertenece desde 1968 al municipio de Bolta\u00f1a, de la que se dice es tierra de agua por estar regada por el rio Ara que aporta sus aguas al rio Sieste y a numerosos barrancos sobre todo en \u00e9poca de lluvias. Es la puerta de entrada norte del Parque natural de la Sierra de Guara. Podr\u00e1s encontrar numerosas zonas de ba\u00f1o de aguas cristalinas, como la piscina natural de la Gorga y por supuesto la maravilla natural que supone las Pozas de San Martin, o las de Ascaso.<\/p><p style=\"text-align: center;\">Sieste esta situado sobre el lomo de un monte que divide los valles de los r\u00edos Ara y Sieste, destaca por sus panor\u00e1micas y desde la Plaza de la misma Abad\u00eda, abierta hacia el norte se puede contemplar la cuenca del Ara, el impresionante macizo de Monte Perdido, las Setrales o la imponente Pe\u00f1a Monta\u00f1esa, que serv\u00eda de reloj de sol natural para los habitantes de la localidad. Cierra la vista la cumbre de Naba\u00edn y la ribagorzana del Turb\u00f3n.\u00a0<\/p><p style=\"text-align: center;\">Por el sur se domina la Valle de Sieste y enmarcada por los montes de La Cuasta, Mondebueno o la Virgen de la Sierra, cerrar\u00e1 el horizonte la localidad de Morcat.\u00a0<\/p><p style=\"text-align: center;\">Ya desde nuestro restaurante la vista del Sabinar te atrapar\u00e1 por completo.\u00a0<\/p>\t\t\t\t\t\t<\/div>\n\t\t\t\t<\/div>\n\t\t\t\t<div class=\"elementor-element elementor-element-5c477c5 elementor-widget elementor-widget-image\" data-id=\"5c477c5\" data-element_type=\"widget\" data-widget_type=\"image.default\">\n\t\t\t\t<div class=\"elementor-widget-container\">\n\t\t\t\t\t\t\t\t\t\t\t\t\t\t\t<img decoding=\"async\" width=\"1024\" height=\"577\" src=\"https:\/\/laabadiadesieste.com\/web\/wp-content\/uploads\/2021\/06\/20210606_103759_HDR-1024x577.jpg\" class=\"attachment-large size-large wp-image-456\" alt=\"\" loading=\"lazy\" srcset=\"https:\/\/laabadiadesieste.com\/web\/wp-content\/uploads\/2021\/06\/20210606_103759_HDR-1024x577.jpg 1024w, https:\/\/laabadiadesieste.com\/web\/wp-content\/uploads\/2021\/06\/20210606_103759_HDR-300x169.jpg 300w, https:\/\/laabadiadesieste.com\/web\/wp-content\/uploads\/2021\/06\/20210606_103759_HDR-768x433.jpg 768w, https:\/\/laabadiadesieste.com\/web\/wp-content\/uploads\/2021\/06\/20210606_103759_HDR-1536x866.jpg 1536w, https:\/\/laabadiadesieste.com\/web\/wp-content\/uploads\/2021\/06\/20210606_103759_HDR-2048x1154.jpg 2048w, https:\/\/laabadiadesieste.com\/web\/wp-content\/uploads\/2021\/06\/20210606_103759_HDR-624x352.jpg 624w\" sizes=\"(max-width: 1024px) 100vw, 1024px\" \/>\t\t\t\t\t\t\t\t\t\t\t\t\t\t\t<\/div>\n\t\t\t\t<\/div>\n\t\t\t\t\t<\/div>\n\t\t<\/div>\n\t\t\t\t\t\t\t<\/div>\n\t\t<\/section>\n\t\t\t\t<section class=\"elementor-section elementor-top-section elementor-element elementor-element-960e692 elementor-section-boxed elementor-section-height-default elementor-section-height-default\" data-id=\"960e692\" data-element_type=\"section\">\n\t\t\t\t\t\t<div class=\"elementor-container elementor-column-gap-default\">\n\t\t\t\t\t<div class=\"elementor-column elementor-col-33 elementor-top-column elementor-element elementor-element-6bf15a1\" data-id=\"6bf15a1\" data-element_type=\"column\">\n\t\t\t<div class=\"elementor-widget-wrap elementor-element-populated\">\n\t\t\t\t\t\t\t\t<div class=\"elementor-element elementor-element-6001eea elementor-widget elementor-widget-image\" data-id=\"6001eea\" data-element_type=\"widget\" data-widget_type=\"image.default\">\n\t\t\t\t<div class=\"elementor-widget-container\">\n\t\t\t\t\t\t\t\t\t\t\t\t\t\t\t<img decoding=\"async\" width=\"1024\" height=\"576\" src=\"https:\/\/laabadiadesieste.com\/web\/wp-content\/uploads\/2021\/06\/20210606_114246-1-1024x576.jpg\" class=\"attachment-large size-large wp-image-471\" alt=\"\" loading=\"lazy\" srcset=\"https:\/\/laabadiadesieste.com\/web\/wp-content\/uploads\/2021\/06\/20210606_114246-1-1024x576.jpg 1024w, https:\/\/laabadiadesieste.com\/web\/wp-content\/uploads\/2021\/06\/20210606_114246-1-300x169.jpg 300w, https:\/\/laabadiadesieste.com\/web\/wp-content\/uploads\/2021\/06\/20210606_114246-1-768x432.jpg 768w, https:\/\/laabadiadesieste.com\/web\/wp-content\/uploads\/2021\/06\/20210606_114246-1-1536x864.jpg 1536w, https:\/\/laabadiadesieste.com\/web\/wp-content\/uploads\/2021\/06\/20210606_114246-1-624x351.jpg 624w, https:\/\/laabadiadesieste.com\/web\/wp-content\/uploads\/2021\/06\/20210606_114246-1.jpg 1885w\" sizes=\"(max-width: 1024px) 100vw, 1024px\" \/>\t\t\t\t\t\t\t\t\t\t\t\t\t\t\t<\/div>\n\t\t\t\t<\/div>\n\t\t\t\t\t<\/div>\n\t\t<\/div>\n\t\t\t\t<div class=\"elementor-column elementor-col-33 elementor-top-column elementor-element elementor-element-d2b06c5\" data-id=\"d2b06c5\" data-element_type=\"column\">\n\t\t\t<div class=\"elementor-widget-wrap elementor-element-populated\">\n\t\t\t\t\t\t\t\t<div class=\"elementor-element elementor-element-3e17982 elementor-widget elementor-widget-image\" data-id=\"3e17982\" data-element_type=\"widget\" data-widget_type=\"image.default\">\n\t\t\t\t<div class=\"elementor-widget-container\">\n\t\t\t\t\t\t\t\t\t\t\t\t\t\t\t<img decoding=\"async\" width=\"1024\" height=\"576\" src=\"https:\/\/laabadiadesieste.com\/web\/wp-content\/uploads\/2021\/06\/20210606_101152_HDR-1-1024x576.jpg\" class=\"attachment-large size-large wp-image-467\" alt=\"\" loading=\"lazy\" srcset=\"https:\/\/laabadiadesieste.com\/web\/wp-content\/uploads\/2021\/06\/20210606_101152_HDR-1-1024x576.jpg 1024w, https:\/\/laabadiadesieste.com\/web\/wp-content\/uploads\/2021\/06\/20210606_101152_HDR-1-300x169.jpg 300w, https:\/\/laabadiadesieste.com\/web\/wp-content\/uploads\/2021\/06\/20210606_101152_HDR-1-768x432.jpg 768w, https:\/\/laabadiadesieste.com\/web\/wp-content\/uploads\/2021\/06\/20210606_101152_HDR-1-1536x864.jpg 1536w, https:\/\/laabadiadesieste.com\/web\/wp-content\/uploads\/2021\/06\/20210606_101152_HDR-1-624x351.jpg 624w, https:\/\/laabadiadesieste.com\/web\/wp-content\/uploads\/2021\/06\/20210606_101152_HDR-1.jpg 1885w\" sizes=\"(max-width: 1024px) 100vw, 1024px\" \/>\t\t\t\t\t\t\t\t\t\t\t\t\t\t\t<\/div>\n\t\t\t\t<\/div>\n\t\t\t\t\t<\/div>\n\t\t<\/div>\n\t\t\t\t<div class=\"elementor-column elementor-col-33 elementor-top-column elementor-element elementor-element-e1c658b\" data-id=\"e1c658b\" data-element_type=\"column\">\n\t\t\t<div class=\"elementor-widget-wrap elementor-element-populated\">\n\t\t\t\t\t\t\t\t<div class=\"elementor-element elementor-element-c282ec5 elementor-widget elementor-widget-image\" data-id=\"c282ec5\" data-element_type=\"widget\" data-widget_type=\"image.default\">\n\t\t\t\t<div class=\"elementor-widget-container\">\n\t\t\t\t\t\t\t\t\t\t\t\t\t\t\t<img decoding=\"async\" width=\"1024\" height=\"577\" src=\"https:\/\/laabadiadesieste.com\/web\/wp-content\/uploads\/2021\/06\/20210606_110241-1024x577.jpg\" class=\"attachment-large size-large wp-image-460\" alt=\"\" loading=\"lazy\" srcset=\"https:\/\/laabadiadesieste.com\/web\/wp-content\/uploads\/2021\/06\/20210606_110241-1024x577.jpg 1024w, https:\/\/laabadiadesieste.com\/web\/wp-content\/uploads\/2021\/06\/20210606_110241-300x169.jpg 300w, https:\/\/laabadiadesieste.com\/web\/wp-content\/uploads\/2021\/06\/20210606_110241-768x433.jpg 768w, https:\/\/laabadiadesieste.com\/web\/wp-content\/uploads\/2021\/06\/20210606_110241-1536x866.jpg 1536w, https:\/\/laabadiadesieste.com\/web\/wp-content\/uploads\/2021\/06\/20210606_110241-2048x1154.jpg 2048w, https:\/\/laabadiadesieste.com\/web\/wp-content\/uploads\/2021\/06\/20210606_110241-624x352.jpg 624w\" sizes=\"(max-width: 1024px) 100vw, 1024px\" \/>\t\t\t\t\t\t\t\t\t\t\t\t\t\t\t<\/div>\n\t\t\t\t<\/div>\n\t\t\t\t\t<\/div>\n\t\t<\/div>\n\t\t\t\t\t\t\t<\/div>\n\t\t<\/section>\n\t\t\t\t<section class=\"elementor-section elementor-top-section elementor-element elementor-element-1657259 elementor-section-boxed elementor-section-height-default elementor-section-height-default\" data-id=\"1657259\" data-element_type=\"section\">\n\t\t\t\t\t\t<div class=\"elementor-container elementor-column-gap-default\">\n\t\t\t\t\t<div class=\"elementor-column elementor-col-100 elementor-top-column elementor-element elementor-element-f554bf6\" data-id=\"f554bf6\" data-element_type=\"column\">\n\t\t\t<div class=\"elementor-widget-wrap\">\n\t\t\t\t\t\t\t\t\t<\/div>\n\t\t<\/div>\n\t\t\t\t\t\t\t<\/div>\n\t\t<\/section>\n\t\t\t\t\t\t\t<\/div>\n\t\t","protected":false},"excerpt":{"rendered":"<p>Monta\u00f1as y mucho m\u00e1s&#8230; El Sobrarbe, nuestra comarca, re\u00fane un patrimonio natural y cultural excepcional. Rodeado de majestuosas y bellas monta\u00f1as, tiene en su haber el Parque Nacional de Ordesa y Monte Perdido, La Sierra de los Ca\u00f1ones de Guara y el Parque Natural de Posets-Maladeta. Sieste pertenece desde 1968 al municipio de Bolta\u00f1a, de&hellip; <br \/> <a class=\"read-more\" href=\"https:\/\/laabadiadesieste.com\/web\/entorno\">Leer m\u00e1s<\/a><\/p>\n","protected":false},"author":1,"featured_media":0,"parent":0,"menu_order":0,"comment_status":"closed","ping_status":"open","template":"","meta":[],"yoast_head":"<!-- This site is optimized with the Yoast SEO plugin v20.9 - https:\/\/yoast.com\/wordpress\/plugins\/seo\/ -->\n<title>El entorno - Hotel L&#039; Abad\u00eda de Sieste<\/title>\n<meta name=\"robots\" content=\"index, follow, max-snippet:-1, max-image-preview:large, max-video-preview:-1\" \/>\n<link rel=\"canonical\" href=\"https:\/\/laabadiadesieste.com\/web\/entorno\" \/>\n<meta property=\"og:locale\" content=\"es_ES\" \/>\n<meta property=\"og:type\" content=\"article\" \/>\n<meta property=\"og:title\" content=\"El entorno - Hotel L&#039; Abad\u00eda de Sieste\" \/>\n<meta property=\"og:description\" content=\"Monta\u00f1as y mucho m\u00e1s&#8230; El Sobrarbe, nuestra comarca, re\u00fane un patrimonio natural y cultural excepcional. Rodeado de majestuosas y bellas monta\u00f1as, tiene en su haber el Parque Nacional de Ordesa y Monte Perdido, La Sierra de los Ca\u00f1ones de Guara y el Parque Natural de Posets-Maladeta. Sieste pertenece desde 1968 al municipio de Bolta\u00f1a, de&hellip; Leer m\u00e1s\" \/>\n<meta property=\"og:url\" content=\"https:\/\/laabadiadesieste.com\/web\/entorno\" \/>\n<meta property=\"og:site_name\" content=\"Hotel L&#039; Abad\u00eda de Sieste\" \/>\n<meta property=\"article:publisher\" content=\"https:\/\/www.facebook.com\/profile.php?id=100051533394563\" \/>\n<meta property=\"article:modified_time\" content=\"2022-06-25T17:14:07+00:00\" \/>\n<meta property=\"og:image\" content=\"https:\/\/laabadiadesieste.com\/web\/wp-content\/uploads\/2021\/06\/20210606_103759_HDR-1024x577.jpg\" \/>\n<meta name=\"twitter:card\" content=\"summary_large_image\" \/>\n<meta name=\"twitter:label1\" content=\"Tiempo de lectura\" \/>\n\t<meta name=\"twitter:data1\" content=\"2 minutos\" \/>\n<script type=\"application\/ld+json\" class=\"yoast-schema-graph\">{\"@context\":\"https:\/\/schema.org\",\"@graph\":[{\"@type\":\"WebPage\",\"@id\":\"https:\/\/laabadiadesieste.com\/web\/entorno\",\"url\":\"https:\/\/laabadiadesieste.com\/web\/entorno\",\"name\":\"El entorno - Hotel L&#039; Abad\u00eda de Sieste\",\"isPartOf\":{\"@id\":\"https:\/\/laabadiadesieste.com\/web\/#website\"},\"datePublished\":\"2014-06-20T16:24:18+00:00\",\"dateModified\":\"2022-06-25T17:14:07+00:00\",\"breadcrumb\":{\"@id\":\"https:\/\/laabadiadesieste.com\/web\/entorno#breadcrumb\"},\"inLanguage\":\"es\",\"potentialAction\":[{\"@type\":\"ReadAction\",\"target\":[\"https:\/\/laabadiadesieste.com\/web\/entorno\"]}]},{\"@type\":\"BreadcrumbList\",\"@id\":\"https:\/\/laabadiadesieste.com\/web\/entorno#breadcrumb\",\"itemListElement\":[{\"@type\":\"ListItem\",\"position\":1,\"name\":\"Home\",\"item\":\"https:\/\/laabadiadesieste.com\/web\/\"},{\"@type\":\"ListItem\",\"position\":2,\"name\":\"El entorno\"}]},{\"@type\":\"WebSite\",\"@id\":\"https:\/\/laabadiadesieste.com\/web\/#website\",\"url\":\"https:\/\/laabadiadesieste.com\/web\/\",\"name\":\"Hotel La Abadia de Sieste\",\"description\":\"Hotel Rural en Bolta\u00f1a\",\"publisher\":{\"@id\":\"https:\/\/laabadiadesieste.com\/web\/#organization\"},\"potentialAction\":[{\"@type\":\"SearchAction\",\"target\":{\"@type\":\"EntryPoint\",\"urlTemplate\":\"https:\/\/laabadiadesieste.com\/web\/?s={search_term_string}\"},\"query-input\":\"required name=search_term_string\"}],\"inLanguage\":\"es\"},{\"@type\":\"Organization\",\"@id\":\"https:\/\/laabadiadesieste.com\/web\/#organization\",\"name\":\"L' Abad\u00eda de Sieste\",\"url\":\"https:\/\/laabadiadesieste.com\/web\/\",\"logo\":{\"@type\":\"ImageObject\",\"inLanguage\":\"es\",\"@id\":\"https:\/\/laabadiadesieste.com\/web\/#\/schema\/logo\/image\/\",\"url\":\"https:\/\/laabadiadesieste.com\/web\/wp-content\/uploads\/2014\/07\/cropped-logo.png\",\"contentUrl\":\"https:\/\/laabadiadesieste.com\/web\/wp-content\/uploads\/2014\/07\/cropped-logo.png\",\"width\":512,\"height\":512,\"caption\":\"L' Abad\u00eda de Sieste\"},\"image\":{\"@id\":\"https:\/\/laabadiadesieste.com\/web\/#\/schema\/logo\/image\/\"},\"sameAs\":[\"https:\/\/www.facebook.com\/profile.php?id=100051533394563\",\"https:\/\/www.instagram.com\/laabadiadesieste\/\"]}]}<\/script>\n<!-- \/ Yoast SEO plugin. -->","yoast_head_json":{"title":"El entorno - Hotel L&#039; Abad\u00eda de Sieste","robots":{"index":"index","follow":"follow","max-snippet":"max-snippet:-1","max-image-preview":"max-image-preview:large","max-video-preview":"max-video-preview:-1"},"canonical":"https:\/\/laabadiadesieste.com\/web\/entorno","og_locale":"es_ES","og_type":"article","og_title":"El entorno - Hotel L&#039; Abad\u00eda de Sieste","og_description":"Monta\u00f1as y mucho m\u00e1s&#8230; El Sobrarbe, nuestra comarca, re\u00fane un patrimonio natural y cultural excepcional. Rodeado de majestuosas y bellas monta\u00f1as, tiene en su haber el Parque Nacional de Ordesa y Monte Perdido, La Sierra de los Ca\u00f1ones de Guara y el Parque Natural de Posets-Maladeta. Sieste pertenece desde 1968 al municipio de Bolta\u00f1a, de&hellip; Leer m\u00e1s","og_url":"https:\/\/laabadiadesieste.com\/web\/entorno","og_site_name":"Hotel L&#039; Abad\u00eda de Sieste","article_publisher":"https:\/\/www.facebook.com\/profile.php?id=100051533394563","article_modified_time":"2022-06-25T17:14:07+00:00","og_image":[{"url":"https:\/\/laabadiadesieste.com\/web\/wp-content\/uploads\/2021\/06\/20210606_103759_HDR-1024x577.jpg"}],"twitter_card":"summary_large_image","twitter_misc":{"Tiempo de lectura":"2 minutos"},"schema":{"@context":"https:\/\/schema.org","@graph":[{"@type":"WebPage","@id":"https:\/\/laabadiadesieste.com\/web\/entorno","url":"https:\/\/laabadiadesieste.com\/web\/entorno","name":"El entorno - Hotel L&#039; Abad\u00eda de Sieste","isPartOf":{"@id":"https:\/\/laabadiadesieste.com\/web\/#website"},"datePublished":"2014-06-20T16:24:18+00:00","dateModified":"2022-06-25T17:14:07+00:00","breadcrumb":{"@id":"https:\/\/laabadiadesieste.com\/web\/entorno#breadcrumb"},"inLanguage":"es","potentialAction":[{"@type":"ReadAction","target":["https:\/\/laabadiadesieste.com\/web\/entorno"]}]},{"@type":"BreadcrumbList","@id":"https:\/\/laabadiadesieste.com\/web\/entorno#breadcrumb","itemListElement":[{"@type":"ListItem","position":1,"name":"Home","item":"https:\/\/laabadiadesieste.com\/web\/"},{"@type":"ListItem","position":2,"name":"El entorno"}]},{"@type":"WebSite","@id":"https:\/\/laabadiadesieste.com\/web\/#website","url":"https:\/\/laabadiadesieste.com\/web\/","name":"Hotel La Abadia de Sieste","description":"Hotel Rural en Bolta\u00f1a","publisher":{"@id":"https:\/\/laabadiadesieste.com\/web\/#organization"},"potentialAction":[{"@type":"SearchAction","target":{"@type":"EntryPoint","urlTemplate":"https:\/\/laabadiadesieste.com\/web\/?s={search_term_string}"},"query-input":"required name=search_term_string"}],"inLanguage":"es"},{"@type":"Organization","@id":"https:\/\/laabadiadesieste.com\/web\/#organization","name":"L' Abad\u00eda de Sieste","url":"https:\/\/laabadiadesieste.com\/web\/","logo":{"@type":"ImageObject","inLanguage":"es","@id":"https:\/\/laabadiadesieste.com\/web\/#\/schema\/logo\/image\/","url":"https:\/\/laabadiadesieste.com\/web\/wp-content\/uploads\/2014\/07\/cropped-logo.png","contentUrl":"https:\/\/laabadiadesieste.com\/web\/wp-content\/uploads\/2014\/07\/cropped-logo.png","width":512,"height":512,"caption":"L' Abad\u00eda de Sieste"},"image":{"@id":"https:\/\/laabadiadesieste.com\/web\/#\/schema\/logo\/image\/"},"sameAs":["https:\/\/www.facebook.com\/profile.php?id=100051533394563","https:\/\/www.instagram.com\/laabadiadesieste\/"]}]}},"_links":{"self":[{"href":"https:\/\/laabadiadesieste.com\/web\/wp-json\/wp\/v2\/pages\/2"}],"collection":[{"href":"https:\/\/laabadiadesieste.com\/web\/wp-json\/wp\/v2\/pages"}],"about":[{"href":"https:\/\/laabadiadesieste.com\/web\/wp-json\/wp\/v2\/types\/page"}],"author":[{"embeddable":true,"href":"https:\/\/laabadiadesieste.com\/web\/wp-json\/wp\/v2\/users\/1"}],"replies":[{"embeddable":true,"href":"https:\/\/laabadiadesieste.com\/web\/wp-json\/wp\/v2\/comments?post=2"}],"version-history":[{"count":17,"href":"https:\/\/laabadiadesieste.com\/web\/wp-json\/wp\/v2\/pages\/2\/revisions"}],"predecessor-version":[{"id":1030,"href":"https:\/\/laabadiadesieste.com\/web\/wp-json\/wp\/v2\/pages\/2\/revisions\/1030"}],"wp:attachment":[{"href":"https:\/\/laabadiadesieste.com\/web\/wp-json\/wp\/v2\/media?parent=2"}],"curies":[{"name":"wp","href":"https:\/\/api.w.org\/{rel}","templated":true}]}}